{"id":59,"date":"2013-07-11T00:18:17","date_gmt":"2013-07-10T22:18:17","guid":{"rendered":"http:\/\/www.kyudo-montpellier.fr\/?page_id=59"},"modified":"2023-03-14T15:00:01","modified_gmt":"2023-03-14T13:00:01","slug":"seminaire-international-de-kyudo-montpellier-2013","status":"publish","type":"page","link":"https:\/\/www.kyudo-montpellier.fr\/fr\/seminaire-international-de-kyudo-montpellier-2013\/","title":{"rendered":"S\u00e9minaire International de Kyudo Montpellier 2013"},"content":{"rendered":"<p><img loading=\"lazy\" decoding=\"async\" class=\"alignnone size-full wp-image-82\" alt=\"logo_seminaire_2013\" src=\"http:\/\/www.kyudo-montpellier.fr\/wp-content\/uploads\/2013\/07\/logo_seminaire_2013.png\" width=\"268\" height=\"359\" srcset=\"https:\/\/www.kyudo-montpellier.fr\/wp-content\/uploads\/2013\/07\/logo_seminaire_2013.png 268w, https:\/\/www.kyudo-montpellier.fr\/wp-content\/uploads\/2013\/07\/logo_seminaire_2013-223x300.png 223w\" sizes=\"auto, (max-width: 268px) 100vw, 268px\" \/><\/p>\n<p><i>C\u2019est un grand honneur pour moi de vous accueillir au nom de la FFKT qui a eu le plaisir de se mettre au service de l\u2019IKYF et de l\u2019ANKF pour que l\u2019organisation de cet \u00e9v\u00e8nement soit possible.<\/i><\/p>\n<p><i>Je pr\u00e9sente tous mes remerciements \u00e0 la Mairie de Montpellier qui soutient fid\u00e8lement le d\u00e9veloppement du kyudo depuis plus de 25 ans.<br \/>\nLa Direction et les \u00e9quipes du CREPS nous ont mis \u00e0 disposition des locaux et des services adapt\u00e9s \u00e0 cet \u00e9v\u00e8nement et je les en remercie.<br \/>\nJ\u2019ai une pens\u00e9e particuli\u00e8re pour les Sensei de la d\u00e9l\u00e9gation japonaise auxquels j\u2019exprime ma plus profonde gratitude, mon respect et mon admiration pour avoir fait l\u2019effort de s\u00e9journer loin de chez eux pendant plusieurs semaines pour nous enseigner le kyudo et nous montrer le meilleur exemple.<br \/>\nEnfin, je tiens \u00e0 exprimer ma plus chaleureuse reconnaissance aux membres du staff d\u2019organisation qui travaillent avec enthousiasme depuis des mois : l\u2019\u00e9quipe de l\u2019ALK (dojo de Montpellier) notamment et les membres de la Ligue Grand Sud de Kyudo, mais aussi des amis venus de toute la France.<\/i><\/p>\n<p><i>Je souhaite \u00e0 chacun des participants de partager leur amiti\u00e9 avec les autres, de progresser dans leur pratique et de ressentir l\u2019harmonie qu\u2019offre le kyudo.<br \/>\nA ce titre, j\u2019esp\u00e8re sinc\u00e8rement que chaque rencontre de kyudo fait un peu grandir la paix dans le monde.<\/i><\/p>\n<p><img loading=\"lazy\" decoding=\"async\" class=\"alignnone size-thumbnail wp-image-85\" alt=\"Portrait Laurence Oriou 2012-10-26 - Copie\" src=\"http:\/\/www.kyudo-montpellier.fr\/wp-content\/uploads\/2013\/07\/Portrait-Laurence-Oriou-2012-10-26-Copie-150x150.jpg\" width=\"150\" height=\"150\"\/><\/p>\n<p><a href=\"http:\/\/kyudo.fr\/\" target=\"_blank\" rel=\"noopener\">FFKT<\/a> &#8211; F\u00e9d\u00e9ration de Kyudo Traditionnel \u2013 France<br \/>\nLa pr\u00e9sidente, Laurence ORIOU<\/p>\n<h2>Information<\/h2>\n<h3>Montpellier<\/h3>\n<ul>\n<li><a href=\"http:\/\/www.ot-montpellier.fr\/\" target=\"_blank\" rel=\"noopener\">Office de tourisme<\/a><\/li>\n<\/ul>\n<h3><a href=\"http:\/\/www.kyudo-montpellier.fr\/wp-content\/uploads\/2013\/07\/place-de-la-comedie-1322231286-18141-1645.jpg\"><img loading=\"lazy\" decoding=\"async\" alt=\"Place de la Com\u00e9die\" src=\"http:\/\/www.kyudo-montpellier.fr\/wp-content\/uploads\/2013\/07\/place-de-la-comedie-1322231286-18141-1645-300x169.jpg\" width=\"300\" height=\"169\"\/><\/a><\/h3>\n<h3>Montpellier Dojo<\/h3>\n<ul>\n<li><a href=\"http:\/\/www.kyudo-montpellier.fr\/dossier_presse_MTP_2013.pdf\" target=\"_blank\" rel=\"noopener\">Dossier de presse de l&rsquo;\u00e9v\u00e9nement<\/a><\/li>\n<li><a href=\"http:\/\/www.kyudo-montpellier.fr\/wp-content\/uploads\/2013\/07\/Presentation_CREPS.pdf\" target=\"_blank\" rel=\"noopener\">Pr\u00e9sentation du CREPS<\/a><\/li>\n<li><a href=\"http:\/\/www.kyudo-montpellier.fr\/wp-content\/uploads\/2013\/07\/MTP-2013-plan-dacce\u00a6C\u0327s-def-FR.pdf\" target=\"_blank\" rel=\"noopener\">Plan d&rsquo;acc\u00e8s<\/a><\/li>\n<\/ul>\n<h3><a href=\"http:\/\/www.kyudo-montpellier.fr\/wp-content\/uploads\/2013\/07\/creps_1.png\"><img loading=\"lazy\" decoding=\"async\" alt=\"creps_1\" src=\"http:\/\/www.kyudo-montpellier.fr\/wp-content\/uploads\/2013\/07\/creps_1-150x150.png\" width=\"150\" height=\"150\"\/><\/a> <a href=\"http:\/\/www.kyudo-montpellier.fr\/wp-content\/uploads\/2013\/07\/creps_2.png\"><img loading=\"lazy\" decoding=\"async\" alt=\"creps_2\" src=\"http:\/\/www.kyudo-montpellier.fr\/wp-content\/uploads\/2013\/07\/creps_2-150x150.png\" width=\"150\" height=\"150\"\/><\/a> <a href=\"http:\/\/www.kyudo-montpellier.fr\/wp-content\/uploads\/2013\/07\/P1020712.jpg\"><img loading=\"lazy\" decoding=\"async\" alt=\"P1020712\" src=\"http:\/\/www.kyudo-montpellier.fr\/wp-content\/uploads\/2013\/07\/P1020712-150x150.jpg\" width=\"150\" height=\"150\"\/><\/a><\/h3>\n<h3>ANKF Shinsa<\/h3>\n<ul>\n<li><a href=\"http:\/\/www.kyudo-montpellier.fr\/wp-content\/uploads\/2013\/07\/Delegation-ANKF.pdf\" target=\"_blank\" rel=\"noopener\">Sensei de la d\u00e9l\u00e9gation ANKF 2013<\/a><\/li>\n<li><a href=\"http:\/\/www.kyudo-montpellier.fr\/wp-content\/uploads\/2013\/07\/2013_shinsa_program.pdf\" target=\"_blank\" rel=\"noopener\">Programme des Shinsa<\/a>&nbsp;&#8211; <em>Anglais uniquement<\/em><\/li>\n<li><a href=\"http:\/\/www.kyudo-montpellier.fr\/wp-content\/uploads\/2013\/07\/Comment_remplir_la_feuille_examen_ANKF.pdf\" target=\"_blank\" rel=\"noopener\">Explications pour remplir la feuille d&rsquo;examen \u00e9crit<\/a><\/li>\n<li><a href=\"http:\/\/www.kyudo-montpellier.fr\/wp-content\/uploads\/2013\/07\/Questions_examens_ANKF_2013.pdf\" target=\"_blank\" rel=\"noopener\">Questions d&rsquo;examens<\/a><\/li>\n<li><a href=\"http:\/\/www.kyudo-montpellier.fr\/wp-content\/uploads\/2013\/07\/Examination_answer_sheet_2013.pdf\" target=\"_blank\" rel=\"noopener\">Feuille d&rsquo;examen \u00e9crit<\/a>&nbsp;&#8211; <em>Anglais uniquement<\/em><\/li>\n<\/ul>\n<h3><a href=\"http:\/\/www.kyudo-montpellier.fr\/wp-content\/uploads\/2013\/07\/Stg-Shogo-Montp-Mai-2010-062.jpg\"><img loading=\"lazy\" decoding=\"async\" alt=\"Stg Shogo Montp Mai 2010 062\" src=\"http:\/\/www.kyudo-montpellier.fr\/wp-content\/uploads\/2013\/07\/Stg-Shogo-Montp-Mai-2010-062-150x150.jpg\" width=\"150\" height=\"150\"\/><\/a> <a href=\"http:\/\/www.kyudo-montpellier.fr\/wp-content\/uploads\/2013\/07\/shajo-5-mato-creps-modifie\u0301.jpg\"><img loading=\"lazy\" decoding=\"async\" alt=\"shajo 5 mato creps modifie\u0301\" src=\"http:\/\/www.kyudo-montpellier.fr\/wp-content\/uploads\/2013\/07\/shajo-5-mato-creps-modifie\u0301-150x150.jpg\" width=\"150\" height=\"150\"\/><\/a><\/h3>\n<h3>S\u00e9minaires IKYF<\/h3>\n<ul>\n<li><a href=\"http:\/\/www.kyudo-montpellier.fr\/wp-content\/uploads\/2013\/07\/2013-Montpellier-IKYF-schedule-horaires.pdf\" target=\"_blank\" rel=\"noopener\">Horaires des s\u00e9minaires<\/a>&nbsp;(incluant les informations sur les repas)<\/li>\n<\/ul>\n<p><\/p>","protected":false},"excerpt":{"rendered":"<p>C\u2019est un grand honneur pour moi de vous accueillir au nom de la FFKT qui a eu le plaisir de se mettre au service de l\u2019IKYF et de l\u2019ANKF pour que l\u2019organisation de cet \u00e9v\u00e8nement soit possible. Je pr\u00e9sente tous mes remerciements \u00e0 la Mairie de Montpellier qui soutient fid\u00e8lement le d\u00e9veloppement du kyudo depuis [&hellip;]<\/p>\n","protected":false},"author":1,"featured_media":0,"parent":0,"menu_order":0,"comment_status":"open","ping_status":"open","template":"","meta":{"_crdt_document":"","footnotes":""},"class_list":["post-59","page","type-page","status-publish","hentry"],"yoast_head":"<!-- This site is optimized with the Yoast SEO plugin v26.8 - https:\/\/yoast.com\/product\/yoast-seo-wordpress\/ -->\n<title>S\u00e9minaire International de Kyudo Montpellier 2013 - Association Languedocienne de Kyudo<\/title>\n<meta name=\"description\" content=\"S\u00e9minaire International de Kyudo Montpellier 2013 - Association Languedocienne de Kyudo\" \/>\n<meta name=\"robots\" content=\"index, follow, max-snippet:-1, max-image-preview:large, max-video-preview:-1\" \/>\n<link rel=\"canonical\" href=\"https:\/\/www.kyudo-montpellier.fr\/fr\/seminaire-international-de-kyudo-montpellier-2013\/\" \/>\n<meta property=\"og:locale\" content=\"fr_FR\" \/>\n<meta property=\"og:type\" content=\"article\" \/>\n<meta property=\"og:title\" content=\"S\u00e9minaire International de Kyudo Montpellier 2013 - Association Languedocienne de Kyudo\" \/>\n<meta property=\"og:description\" content=\"S\u00e9minaire International de Kyudo Montpellier 2013 - Association Languedocienne de Kyudo\" \/>\n<meta property=\"og:url\" content=\"https:\/\/www.kyudo-montpellier.fr\/seminaire-international-de-kyudo-montpellier-2013\/\" \/>\n<meta property=\"og:site_name\" content=\"Association Languedocienne de Kyudo\" \/>\n<meta property=\"article:modified_time\" content=\"2023-03-14T13:00:01+00:00\" \/>\n<meta property=\"og:image\" content=\"http:\/\/www.kyudo-montpellier.fr\/wp-content\/uploads\/2013\/07\/logo_seminaire_2013.png\" \/>\n<meta name=\"twitter:card\" content=\"summary_large_image\" \/>\n<meta name=\"twitter:site\" content=\"@ALK_kyudo\" \/>\n<meta name=\"twitter:label1\" content=\"Dur\u00e9e de lecture estim\u00e9e\" \/>\n\t<meta name=\"twitter:data1\" content=\"4 minutes\" \/>\n<script type=\"application\/ld+json\" class=\"yoast-schema-graph\">{\"@context\":\"https:\/\/schema.org\",\"@graph\":[{\"@type\":\"WebPage\",\"@id\":\"https:\/\/www.kyudo-montpellier.fr\/seminaire-international-de-kyudo-montpellier-2013\/\",\"url\":\"https:\/\/www.kyudo-montpellier.fr\/seminaire-international-de-kyudo-montpellier-2013\/\",\"name\":\"S\u00e9minaire International de Kyudo Montpellier 2013 - Association Languedocienne de Kyudo\",\"isPartOf\":{\"@id\":\"https:\/\/www.kyudo-montpellier.fr\/#website\"},\"primaryImageOfPage\":{\"@id\":\"https:\/\/www.kyudo-montpellier.fr\/seminaire-international-de-kyudo-montpellier-2013\/#primaryimage\"},\"image\":{\"@id\":\"https:\/\/www.kyudo-montpellier.fr\/seminaire-international-de-kyudo-montpellier-2013\/#primaryimage\"},\"thumbnailUrl\":\"http:\/\/www.kyudo-montpellier.fr\/wp-content\/uploads\/2013\/07\/logo_seminaire_2013.png\",\"datePublished\":\"2013-07-10T22:18:17+00:00\",\"dateModified\":\"2023-03-14T13:00:01+00:00\",\"description\":\"S\u00e9minaire International de Kyudo Montpellier 2013 - Association Languedocienne de Kyudo\",\"breadcrumb\":{\"@id\":\"https:\/\/www.kyudo-montpellier.fr\/seminaire-international-de-kyudo-montpellier-2013\/#breadcrumb\"},\"inLanguage\":\"fr-FR\",\"potentialAction\":[{\"@type\":\"ReadAction\",\"target\":[\"https:\/\/www.kyudo-montpellier.fr\/seminaire-international-de-kyudo-montpellier-2013\/\"]}]},{\"@type\":\"ImageObject\",\"inLanguage\":\"fr-FR\",\"@id\":\"https:\/\/www.kyudo-montpellier.fr\/seminaire-international-de-kyudo-montpellier-2013\/#primaryimage\",\"url\":\"http:\/\/www.kyudo-montpellier.fr\/wp-content\/uploads\/2013\/07\/logo_seminaire_2013.png\",\"contentUrl\":\"http:\/\/www.kyudo-montpellier.fr\/wp-content\/uploads\/2013\/07\/logo_seminaire_2013.png\"},{\"@type\":\"BreadcrumbList\",\"@id\":\"https:\/\/www.kyudo-montpellier.fr\/seminaire-international-de-kyudo-montpellier-2013\/#breadcrumb\",\"itemListElement\":[{\"@type\":\"ListItem\",\"position\":1,\"name\":\"Accueil\",\"item\":\"https:\/\/www.kyudo-montpellier.fr\/\"},{\"@type\":\"ListItem\",\"position\":2,\"name\":\"S\u00e9minaire International de Kyudo Montpellier 2013\"}]},{\"@type\":\"WebSite\",\"@id\":\"https:\/\/www.kyudo-montpellier.fr\/#website\",\"url\":\"https:\/\/www.kyudo-montpellier.fr\/\",\"name\":\"Association Languedocienne de Kyudo\",\"description\":\"\",\"potentialAction\":[{\"@type\":\"SearchAction\",\"target\":{\"@type\":\"EntryPoint\",\"urlTemplate\":\"https:\/\/www.kyudo-montpellier.fr\/?s={search_term_string}\"},\"query-input\":{\"@type\":\"PropertyValueSpecification\",\"valueRequired\":true,\"valueName\":\"search_term_string\"}}],\"inLanguage\":\"fr-FR\"}]}<\/script>\n<!-- \/ Yoast SEO plugin. -->","yoast_head_json":{"title":"S\u00e9minaire International de Kyudo Montpellier 2013 - Association Languedocienne de Kyudo","description":"S\u00e9minaire International de Kyudo Montpellier 2013 - Association Languedocienne de Kyudo","robots":{"index":"index","follow":"follow","max-snippet":"max-snippet:-1","max-image-preview":"max-image-preview:large","max-video-preview":"max-video-preview:-1"},"canonical":"https:\/\/www.kyudo-montpellier.fr\/fr\/seminaire-international-de-kyudo-montpellier-2013\/","og_locale":"fr_FR","og_type":"article","og_title":"S\u00e9minaire International de Kyudo Montpellier 2013 - Association Languedocienne de Kyudo","og_description":"S\u00e9minaire International de Kyudo Montpellier 2013 - Association Languedocienne de Kyudo","og_url":"https:\/\/www.kyudo-montpellier.fr\/seminaire-international-de-kyudo-montpellier-2013\/","og_site_name":"Association Languedocienne de Kyudo","article_modified_time":"2023-03-14T13:00:01+00:00","og_image":[{"url":"http:\/\/www.kyudo-montpellier.fr\/wp-content\/uploads\/2013\/07\/logo_seminaire_2013.png","type":"","width":"","height":""}],"twitter_card":"summary_large_image","twitter_site":"@ALK_kyudo","twitter_misc":{"Dur\u00e9e de lecture estim\u00e9e":"4 minutes"},"schema":{"@context":"https:\/\/schema.org","@graph":[{"@type":"WebPage","@id":"https:\/\/www.kyudo-montpellier.fr\/seminaire-international-de-kyudo-montpellier-2013\/","url":"https:\/\/www.kyudo-montpellier.fr\/seminaire-international-de-kyudo-montpellier-2013\/","name":"S\u00e9minaire International de Kyudo Montpellier 2013 - Association Languedocienne de Kyudo","isPartOf":{"@id":"https:\/\/www.kyudo-montpellier.fr\/#website"},"primaryImageOfPage":{"@id":"https:\/\/www.kyudo-montpellier.fr\/seminaire-international-de-kyudo-montpellier-2013\/#primaryimage"},"image":{"@id":"https:\/\/www.kyudo-montpellier.fr\/seminaire-international-de-kyudo-montpellier-2013\/#primaryimage"},"thumbnailUrl":"http:\/\/www.kyudo-montpellier.fr\/wp-content\/uploads\/2013\/07\/logo_seminaire_2013.png","datePublished":"2013-07-10T22:18:17+00:00","dateModified":"2023-03-14T13:00:01+00:00","description":"S\u00e9minaire International de Kyudo Montpellier 2013 - Association Languedocienne de Kyudo","breadcrumb":{"@id":"https:\/\/www.kyudo-montpellier.fr\/seminaire-international-de-kyudo-montpellier-2013\/#breadcrumb"},"inLanguage":"fr-FR","potentialAction":[{"@type":"ReadAction","target":["https:\/\/www.kyudo-montpellier.fr\/seminaire-international-de-kyudo-montpellier-2013\/"]}]},{"@type":"ImageObject","inLanguage":"fr-FR","@id":"https:\/\/www.kyudo-montpellier.fr\/seminaire-international-de-kyudo-montpellier-2013\/#primaryimage","url":"http:\/\/www.kyudo-montpellier.fr\/wp-content\/uploads\/2013\/07\/logo_seminaire_2013.png","contentUrl":"http:\/\/www.kyudo-montpellier.fr\/wp-content\/uploads\/2013\/07\/logo_seminaire_2013.png"},{"@type":"BreadcrumbList","@id":"https:\/\/www.kyudo-montpellier.fr\/seminaire-international-de-kyudo-montpellier-2013\/#breadcrumb","itemListElement":[{"@type":"ListItem","position":1,"name":"Accueil","item":"https:\/\/www.kyudo-montpellier.fr\/"},{"@type":"ListItem","position":2,"name":"S\u00e9minaire International de Kyudo Montpellier 2013"}]},{"@type":"WebSite","@id":"https:\/\/www.kyudo-montpellier.fr\/#website","url":"https:\/\/www.kyudo-montpellier.fr\/","name":"Association Languedocienne de Kyudo","description":"","potentialAction":[{"@type":"SearchAction","target":{"@type":"EntryPoint","urlTemplate":"https:\/\/www.kyudo-montpellier.fr\/?s={search_term_string}"},"query-input":{"@type":"PropertyValueSpecification","valueRequired":true,"valueName":"search_term_string"}}],"inLanguage":"fr-FR"}]}},"_links":{"self":[{"href":"https:\/\/www.kyudo-montpellier.fr\/fr\/wp-json\/wp\/v2\/pages\/59","targetHints":{"allow":["GET"]}}],"collection":[{"href":"https:\/\/www.kyudo-montpellier.fr\/fr\/wp-json\/wp\/v2\/pages"}],"about":[{"href":"https:\/\/www.kyudo-montpellier.fr\/fr\/wp-json\/wp\/v2\/types\/page"}],"author":[{"embeddable":true,"href":"https:\/\/www.kyudo-montpellier.fr\/fr\/wp-json\/wp\/v2\/users\/1"}],"replies":[{"embeddable":true,"href":"https:\/\/www.kyudo-montpellier.fr\/fr\/wp-json\/wp\/v2\/comments?post=59"}],"version-history":[{"count":22,"href":"https:\/\/www.kyudo-montpellier.fr\/fr\/wp-json\/wp\/v2\/pages\/59\/revisions"}],"predecessor-version":[{"id":1268,"href":"https:\/\/www.kyudo-montpellier.fr\/fr\/wp-json\/wp\/v2\/pages\/59\/revisions\/1268"}],"wp:attachment":[{"href":"https:\/\/www.kyudo-montpellier.fr\/fr\/wp-json\/wp\/v2\/media?parent=59"}],"curies":[{"name":"wp","href":"https:\/\/api.w.org\/{rel}","templated":true}]}}