{"id":38,"date":"2013-06-02T23:28:16","date_gmt":"2013-06-02T21:28:16","guid":{"rendered":"http:\/\/www.kyudo-montpellier.fr\/?page_id=38"},"modified":"2017-11-09T13:10:19","modified_gmt":"2017-11-09T11:10:19","slug":"liens","status":"publish","type":"page","link":"https:\/\/www.kyudo-montpellier.fr\/fr\/liens\/","title":{"rendered":"Liens"},"content":{"rendered":"<p><\/p>\n<h2>Les sites f\u00e9d\u00e9raux sur le Kyudo<\/h2>\n<ul>\n<li><a href=\"http:\/\/www.kyudo.fr\/\" target=\"_blank\">FKT<\/a><br \/>\nSite de la F\u00e9d\u00e9ration de Kyudo Traditionnel<\/li>\n<li><a href=\"http:\/\/www.ekf-kyudo.org\/\" target=\"_blank\">EKF<\/a><br \/>\nSite de la F\u00e9d\u00e9ration Europ\u00e9enne<\/li>\n<li><a href=\"http:\/\/www.kyudo.jp\/\" target=\"_blank\">ANKF<\/a><br \/>\nSite de la F\u00e9d\u00e9ration Japonaise<\/li>\n<li><a href=\"http:\/\/www.ikyf.org\/\" target=\"_blank\">IKYF<\/a><br \/>\nSite de la F\u00e9d\u00e9ration Internationale de Kyudo<\/li>\n<\/ul>\n<h2>Photos de Kyudo<\/h2>\n<ul>\n<li><a href=\"http:\/\/kyudo.alainscherer.fr\/\" target=\"_blank\">Site de photos d&rsquo;Alain SCHERER<\/a><\/li>\n<\/ul>\n<h2>Archives<\/h2>\n<ul>\n<li><a href=\"http:\/\/www.kyudo-montpellier.fr\/seminaire-international-de-kyudo-montpellier-2013\/\">S\u00e9minaire International de Kyudo Montpellier 2013<\/a><\/li>\n<\/ul>\n<p><\/p>","protected":false},"excerpt":{"rendered":"<p>Les sites f\u00e9d\u00e9raux sur le Kyudo FKT Site de la F\u00e9d\u00e9ration de Kyudo Traditionnel EKF Site de la F\u00e9d\u00e9ration Europ\u00e9enne ANKF Site de la F\u00e9d\u00e9ration Japonaise IKYF Site de la F\u00e9d\u00e9ration Internationale de Kyudo Photos de Kyudo Site de photos d&rsquo;Alain SCHERER Archives S\u00e9minaire International de Kyudo Montpellier 2013<\/p>\n","protected":false},"author":1,"featured_media":0,"parent":0,"menu_order":0,"comment_status":"open","ping_status":"open","template":"","meta":{"_crdt_document":"","footnotes":""},"class_list":["post-38","page","type-page","status-publish","hentry"],"yoast_head":"<!-- This site is optimized with the Yoast SEO plugin v26.8 - https:\/\/yoast.com\/product\/yoast-seo-wordpress\/ -->\n<title>Liens - Association Languedocienne de Kyudo<\/title>\n<meta name=\"robots\" content=\"index, follow, max-snippet:-1, max-image-preview:large, max-video-preview:-1\" \/>\n<link rel=\"canonical\" href=\"https:\/\/www.kyudo-montpellier.fr\/fr\/liens\/\" \/>\n<meta property=\"og:locale\" content=\"fr_FR\" \/>\n<meta property=\"og:type\" content=\"article\" \/>\n<meta property=\"og:title\" content=\"Liens - Association Languedocienne de Kyudo\" \/>\n<meta property=\"og:description\" content=\"Les sites f\u00e9d\u00e9raux sur le Kyudo FKT Site de la F\u00e9d\u00e9ration de Kyudo Traditionnel EKF Site de la F\u00e9d\u00e9ration Europ\u00e9enne ANKF Site de la F\u00e9d\u00e9ration Japonaise IKYF Site de la F\u00e9d\u00e9ration Internationale de Kyudo Photos de Kyudo Site de photos d&rsquo;Alain SCHERER Archives S\u00e9minaire International de Kyudo Montpellier 2013\" \/>\n<meta property=\"og:url\" content=\"https:\/\/www.kyudo-montpellier.fr\/fr\/liens\/\" \/>\n<meta property=\"og:site_name\" content=\"Association Languedocienne de Kyudo\" \/>\n<meta property=\"article:modified_time\" content=\"2017-11-09T11:10:19+00:00\" \/>\n<meta name=\"twitter:card\" content=\"summary_large_image\" \/>\n<meta name=\"twitter:site\" content=\"@ALK_kyudo\" \/>\n<meta name=\"twitter:label1\" content=\"Dur\u00e9e de lecture estim\u00e9e\" \/>\n\t<meta name=\"twitter:data1\" content=\"1 minute\" \/>\n<script type=\"application\/ld+json\" class=\"yoast-schema-graph\">{\"@context\":\"https:\/\/schema.org\",\"@graph\":[{\"@type\":\"WebPage\",\"@id\":\"https:\/\/www.kyudo-montpellier.fr\/fr\/liens\/\",\"url\":\"https:\/\/www.kyudo-montpellier.fr\/fr\/liens\/\",\"name\":\"Liens - Association Languedocienne de Kyudo\",\"isPartOf\":{\"@id\":\"https:\/\/www.kyudo-montpellier.fr\/#website\"},\"datePublished\":\"2013-06-02T21:28:16+00:00\",\"dateModified\":\"2017-11-09T11:10:19+00:00\",\"breadcrumb\":{\"@id\":\"https:\/\/www.kyudo-montpellier.fr\/fr\/liens\/#breadcrumb\"},\"inLanguage\":\"fr-FR\",\"potentialAction\":[{\"@type\":\"ReadAction\",\"target\":[\"https:\/\/www.kyudo-montpellier.fr\/fr\/liens\/\"]}]},{\"@type\":\"BreadcrumbList\",\"@id\":\"https:\/\/www.kyudo-montpellier.fr\/fr\/liens\/#breadcrumb\",\"itemListElement\":[{\"@type\":\"ListItem\",\"position\":1,\"name\":\"Accueil\",\"item\":\"https:\/\/www.kyudo-montpellier.fr\/\"},{\"@type\":\"ListItem\",\"position\":2,\"name\":\"Liens\"}]},{\"@type\":\"WebSite\",\"@id\":\"https:\/\/www.kyudo-montpellier.fr\/#website\",\"url\":\"https:\/\/www.kyudo-montpellier.fr\/\",\"name\":\"Association Languedocienne de Kyudo\",\"description\":\"\",\"potentialAction\":[{\"@type\":\"SearchAction\",\"target\":{\"@type\":\"EntryPoint\",\"urlTemplate\":\"https:\/\/www.kyudo-montpellier.fr\/?s={search_term_string}\"},\"query-input\":{\"@type\":\"PropertyValueSpecification\",\"valueRequired\":true,\"valueName\":\"search_term_string\"}}],\"inLanguage\":\"fr-FR\"}]}<\/script>\n<!-- \/ Yoast SEO plugin. -->","yoast_head_json":{"title":"Liens - Association Languedocienne de Kyudo","robots":{"index":"index","follow":"follow","max-snippet":"max-snippet:-1","max-image-preview":"max-image-preview:large","max-video-preview":"max-video-preview:-1"},"canonical":"https:\/\/www.kyudo-montpellier.fr\/fr\/liens\/","og_locale":"fr_FR","og_type":"article","og_title":"Liens - Association Languedocienne de Kyudo","og_description":"Les sites f\u00e9d\u00e9raux sur le Kyudo FKT Site de la F\u00e9d\u00e9ration de Kyudo Traditionnel EKF Site de la F\u00e9d\u00e9ration Europ\u00e9enne ANKF Site de la F\u00e9d\u00e9ration Japonaise IKYF Site de la F\u00e9d\u00e9ration Internationale de Kyudo Photos de Kyudo Site de photos d&rsquo;Alain SCHERER Archives S\u00e9minaire International de Kyudo Montpellier 2013","og_url":"https:\/\/www.kyudo-montpellier.fr\/fr\/liens\/","og_site_name":"Association Languedocienne de Kyudo","article_modified_time":"2017-11-09T11:10:19+00:00","twitter_card":"summary_large_image","twitter_site":"@ALK_kyudo","twitter_misc":{"Dur\u00e9e de lecture estim\u00e9e":"1 minute"},"schema":{"@context":"https:\/\/schema.org","@graph":[{"@type":"WebPage","@id":"https:\/\/www.kyudo-montpellier.fr\/fr\/liens\/","url":"https:\/\/www.kyudo-montpellier.fr\/fr\/liens\/","name":"Liens - Association Languedocienne de Kyudo","isPartOf":{"@id":"https:\/\/www.kyudo-montpellier.fr\/#website"},"datePublished":"2013-06-02T21:28:16+00:00","dateModified":"2017-11-09T11:10:19+00:00","breadcrumb":{"@id":"https:\/\/www.kyudo-montpellier.fr\/fr\/liens\/#breadcrumb"},"inLanguage":"fr-FR","potentialAction":[{"@type":"ReadAction","target":["https:\/\/www.kyudo-montpellier.fr\/fr\/liens\/"]}]},{"@type":"BreadcrumbList","@id":"https:\/\/www.kyudo-montpellier.fr\/fr\/liens\/#breadcrumb","itemListElement":[{"@type":"ListItem","position":1,"name":"Accueil","item":"https:\/\/www.kyudo-montpellier.fr\/"},{"@type":"ListItem","position":2,"name":"Liens"}]},{"@type":"WebSite","@id":"https:\/\/www.kyudo-montpellier.fr\/#website","url":"https:\/\/www.kyudo-montpellier.fr\/","name":"Association Languedocienne de Kyudo","description":"","potentialAction":[{"@type":"SearchAction","target":{"@type":"EntryPoint","urlTemplate":"https:\/\/www.kyudo-montpellier.fr\/?s={search_term_string}"},"query-input":{"@type":"PropertyValueSpecification","valueRequired":true,"valueName":"search_term_string"}}],"inLanguage":"fr-FR"}]}},"_links":{"self":[{"href":"https:\/\/www.kyudo-montpellier.fr\/fr\/wp-json\/wp\/v2\/pages\/38","targetHints":{"allow":["GET"]}}],"collection":[{"href":"https:\/\/www.kyudo-montpellier.fr\/fr\/wp-json\/wp\/v2\/pages"}],"about":[{"href":"https:\/\/www.kyudo-montpellier.fr\/fr\/wp-json\/wp\/v2\/types\/page"}],"author":[{"embeddable":true,"href":"https:\/\/www.kyudo-montpellier.fr\/fr\/wp-json\/wp\/v2\/users\/1"}],"replies":[{"embeddable":true,"href":"https:\/\/www.kyudo-montpellier.fr\/fr\/wp-json\/wp\/v2\/comments?post=38"}],"version-history":[{"count":10,"href":"https:\/\/www.kyudo-montpellier.fr\/fr\/wp-json\/wp\/v2\/pages\/38\/revisions"}],"predecessor-version":[{"id":650,"href":"https:\/\/www.kyudo-montpellier.fr\/fr\/wp-json\/wp\/v2\/pages\/38\/revisions\/650"}],"wp:attachment":[{"href":"https:\/\/www.kyudo-montpellier.fr\/fr\/wp-json\/wp\/v2\/media?parent=38"}],"curies":[{"name":"wp","href":"https:\/\/api.w.org\/{rel}","templated":true}]}}