{"id":17,"date":"2013-06-02T18:29:36","date_gmt":"2013-06-02T16:29:36","guid":{"rendered":"https:\/\/www.kyudo-montpellier.fr\/?page_id=17"},"modified":"2024-09-02T11:33:41","modified_gmt":"2024-09-02T09:33:41","slug":"qui-sommes-nous","status":"publish","type":"page","link":"https:\/\/www.kyudo-montpellier.fr\/fr\/qui-sommes-nous\/","title":{"rendered":"Qui sommes-nous ?"},"content":{"rendered":"<p><\/p>\n<h2>Le Kyudo \u00e0 Montpellier<\/h2>\n<p>L&rsquo;<a href=\"http:\/\/www.kyudo-montpellier.fr\">Association Languedocienne de Kyudo<\/a> (ALK) a \u00e9t\u00e9 cr\u00e9\u00e9e \u00e0 Montpellier en 1986.<\/p>\n<p>Dirig\u00e9 par les plus hauts grad\u00e9s de France, \u00e9galement membres du groupe des plus haut grad\u00e9s d&rsquo;Europe, le Dojo de Montpellier propose un enseignement exigeant, accueillant, convivial, d\u00e9sint\u00e9ress\u00e9 et b\u00e9n\u00e9vole \u00e0 tous ceux qui cherchent la voie de l&rsquo;arc traditionnel japonais.<\/p>\n<p>Ceux qui souhaitent en savoir plus sur le Kyudo peuvent <a title=\"Nous Contacter\" href=\"http:\/\/www.kyudo-montpellier.fr\/contact\/\">nous contacter<\/a> ou visiter le <a href=\"http:\/\/www.kyudo.fr\" target=\"_blank\" rel=\"noopener\">site officiel du CNKyudo &#8211; FFJDA<\/a>.<\/p>\n<p>Le bureau de l&rsquo;ALK est actuellement compos\u00e9 de :<\/p>\n<ul>\n<li>Romain FERRERES, pr\u00e9sident<\/li>\n<li>J\u00e9r\u00e9my FLEURY,\u00a0secr\u00e9taire<\/li>\n<li>Nicolas FERNANDEZ, tr\u00e9sorier<\/li>\n<li>Pascale BARBIER, secr\u00e9taire adjointe<\/li>\n<\/ul>\n<p>Le comit\u00e9 technique de l&rsquo;ALK est actuellement compos\u00e9 de :<\/p>\n<ul>\n<li>Laurence ORIOU<\/li>\n<li>Charles-Louis ORIOU<\/li>\n<li>R\u00e9gine GRADUEL<\/li>\n<li>Jean-Pierre BABIN<\/li>\n<li>Didier Blanchard<\/li>\n<\/ul>\n<h2>Les Enseignants et enseignantes<\/h2>\n<h3>Laurence ORIOU<\/h3>\n<ul>\n<li>Responsable de l&rsquo;enseignement \u00e0 Montpellier.<\/li>\n<li>Premi\u00e8re occidentale \u00e0 recevoir le titre de kyoshi<\/li>\n<li>Membre du shidoiinkai ( groupe des 7 plus hauts grad\u00e9s europ\u00e9ens)<\/li>\n<li>Citoyenne d&rsquo;honneur de la ville de Montpellier depuis le 28 octobre 2005.<\/li>\n<\/ul>\n<h3>Charles-Louis ORIOU<\/h3>\n<ul>\n<li>Enseignant<\/li>\n<li>Membre du comit\u00e9 directeur de la\u00a0CNKyudo.<\/li>\n<li>Responsable de la commission stages et s\u00e9minaires, et de la commission enseignement.<\/li>\n<li>Cofondateur de l\u2019ALK (<a href=\"http:\/\/www.kyudo-montpellier.fr\">Association Languedocienne de Kyudo<\/a>).<\/li>\n<\/ul>\n<h3>R\u00e9gine GRADUEL<\/h3>\n<ul>\n<li>Enseignante<\/li>\n<li>Pr\u00e9sidente de France Kyudo, responsable de la commission grades et titres<\/li>\n<\/ul>\n<h3>Autres Shidoshas (habilit\u00e9s \u00e0 enseigner par la responsable de l&rsquo;enseignement) :<\/h3>\n<ul>\n<li>Jean-Pierre Babin, sampai<\/li>\n<\/ul>\n<h2>Notre Filiation<\/h2>\n<p>Une filiation incontestable : <a href=\"http:\/\/www.kyudo-montpellier.fr\">ALK<\/a> \u2013 <a href=\"http:\/\/www.kyudo.fr\" target=\"_blank\" rel=\"noopener\">CNKyudo &#8211; FFJDA<\/a>\u00a0\u2013 <a href=\"http:\/\/www.ekf-kyudo.org\/\" target=\"_blank\" rel=\"noopener\">EKF<\/a> \u2013 <a href=\"http:\/\/kyudo.jp\" target=\"_blank\" rel=\"noopener\">ANKF<\/a> &#8211; <a href=\"http:\/\/www.ikyf.org\/\" target=\"_blank\" rel=\"noopener\">IKYF<\/a><\/p>\n<p>L\u2019ALK, par l\u2019interm\u00e9diaire de ses plus hauts grad\u00e9s, joue un r\u00f4le important dans le d\u00e9veloppement du Kyudo en Europe et dans le monde. Montpellier a une notori\u00e9t\u00e9 fortement associ\u00e9e au Kyudo sur le plan international.<\/p>\n<p>Le Dojo de Montpellier est appel\u00e9 \u00e0 devenir un lieu international de stages et passages de grades.<\/p>\n<h3>ALK : Association Languedocienne de Kyudo<\/h3>\n<p>Avec ses 34 membres, l\u2019ALK est le club le plus grad\u00e9 de France, et l\u2019un des trois clubs les plus grad\u00e9s d&rsquo;Europe. L\u2019ALK est une association de type loi 1901 cr\u00e9\u00e9e \u00e0 Montpellier, d\u00e9clar\u00e9e en pr\u00e9fecture le 28 juillet 1986 sous le n\u00b0 12190. L&rsquo;ALK est affili\u00e9e au CNKyudo &#8211; FFJDA pour la partie technique et \u00e9thique, mais aussi \u00e0 la FFAB pour les questions administratives. L&rsquo;ALK ne reconnait que les titres et grades d\u00e9livr\u00e9s par l&rsquo;ANKF.<\/p>\n<h3>CNkyudo-FFJDA : Comit\u00e9 National Kyudo &#8211; F\u00e9d\u00e9ration Fran\u00e7aise de Judo et Disciplines Associ\u00e9es<span style=\"font-size: small;\">\u00a0<\/span><\/h3>\n<p><span style=\"color: #333333;\">La CNkyudo-FFJDA<\/span><span style=\"color: #333333;\">\u00a0compte 800 pratiquants et \u00a0une soixantaine de clubs. La <\/span>CNkyudo-FFJDA<span style=\"color: #333333;\">\u00a0est la deuxi\u00e8me f\u00e9d\u00e9ration europ\u00e9enne par le nombre de ses adh\u00e9rents. Elle est la seule f\u00e9d\u00e9ration reli\u00e9e \u00e0 la F\u00e9d\u00e9ration Japonaise de Kyudo (ANKF).<\/span><\/p>\n<h3>EKF : European Kyudo Federation<\/h3>\n<p>La FKT est affili\u00e9e \u00e0 l\u2019EKF. Sous la direction des Sensei japonais de l&rsquo;ANKF (Hanshi 8e dan), l&rsquo;EKF organise chaque ann\u00e9e des stages europ\u00e9ens de formation, avec sessions d&rsquo;examens (grades et titres de l&rsquo;ANKF). En 2006 ce stage europ\u00e9en a eu lieu \u00e0 Bourges (France).<\/p>\n<h3>ANKF : All Nippon Kyudo Federation<\/h3>\n<p>L\u2019ANKF est la structure f\u00e9d\u00e9rale qui a r\u00e9uni dans les ann\u00e9es 1950 toutes les principales \u00e9coles de Kyudo du Japon. Elle aide au d\u00e9veloppement du Kyudo dans le monde. Elle organise les examens de passages de grades partout dans le monde et des rencontres internationales au Japon.<\/p>\n<h3>IKYF : International Kyudo Federation<\/h3>\n<p>L\u2019ANKF mobilise tous les pays concern\u00e9s pour cr\u00e9er une f\u00e9d\u00e9ration internationale de Kyudo. La FKT a particip\u00e9 activement \u00e0 la cr\u00e9ation de l\u2019IKYF en 2006, et son pr\u00e9sident d&rsquo;alors, Charles-Louis Oriou, a \u00e9t\u00e9 choisi pour \u00eatre membre de son comit\u00e9 de direction.<\/p>","protected":false},"excerpt":{"rendered":"<p>Le Kyudo \u00e0 Montpellier L&rsquo;Association Languedocienne de Kyudo (ALK) a \u00e9t\u00e9 cr\u00e9\u00e9e \u00e0 Montpellier en 1986. Dirig\u00e9 par les plus hauts grad\u00e9s de France, \u00e9galement membres du groupe des plus haut grad\u00e9s d&rsquo;Europe, le Dojo de Montpellier propose un enseignement exigeant, accueillant, convivial, d\u00e9sint\u00e9ress\u00e9 et b\u00e9n\u00e9vole \u00e0 tous ceux qui cherchent la voie de l&rsquo;arc [&hellip;]<\/p>\n","protected":false},"author":1,"featured_media":0,"parent":0,"menu_order":0,"comment_status":"closed","ping_status":"open","template":"","meta":{"_crdt_document":"","footnotes":""},"class_list":["post-17","page","type-page","status-publish","hentry"],"yoast_head":"<!-- This site is optimized with the Yoast SEO plugin v26.8 - https:\/\/yoast.com\/product\/yoast-seo-wordpress\/ -->\n<title>Qui sommes-nous ? - Association Languedocienne de Kyudo<\/title>\n<meta name=\"robots\" content=\"index, follow, max-snippet:-1, max-image-preview:large, max-video-preview:-1\" \/>\n<link rel=\"canonical\" href=\"https:\/\/www.kyudo-montpellier.fr\/fr\/qui-sommes-nous\/\" \/>\n<meta property=\"og:locale\" content=\"fr_FR\" \/>\n<meta property=\"og:type\" content=\"article\" \/>\n<meta property=\"og:title\" content=\"Qui sommes-nous ? - Association Languedocienne de Kyudo\" \/>\n<meta property=\"og:description\" content=\"Le Kyudo \u00e0 Montpellier L&rsquo;Association Languedocienne de Kyudo (ALK) a \u00e9t\u00e9 cr\u00e9\u00e9e \u00e0 Montpellier en 1986. Dirig\u00e9 par les plus hauts grad\u00e9s de France, \u00e9galement membres du groupe des plus haut grad\u00e9s d&rsquo;Europe, le Dojo de Montpellier propose un enseignement exigeant, accueillant, convivial, d\u00e9sint\u00e9ress\u00e9 et b\u00e9n\u00e9vole \u00e0 tous ceux qui cherchent la voie de l&rsquo;arc [&hellip;]\" \/>\n<meta property=\"og:url\" content=\"https:\/\/www.kyudo-montpellier.fr\/qui-sommes-nous\/\" \/>\n<meta property=\"og:site_name\" content=\"Association Languedocienne de Kyudo\" \/>\n<meta property=\"article:modified_time\" content=\"2024-09-02T09:33:41+00:00\" \/>\n<meta name=\"twitter:card\" content=\"summary_large_image\" \/>\n<meta name=\"twitter:site\" content=\"@ALK_kyudo\" \/>\n<meta name=\"twitter:label1\" content=\"Dur\u00e9e de lecture estim\u00e9e\" \/>\n\t<meta name=\"twitter:data1\" content=\"3 minutes\" \/>\n<script type=\"application\/ld+json\" class=\"yoast-schema-graph\">{\"@context\":\"https:\/\/schema.org\",\"@graph\":[{\"@type\":\"WebPage\",\"@id\":\"https:\/\/www.kyudo-montpellier.fr\/qui-sommes-nous\/\",\"url\":\"https:\/\/www.kyudo-montpellier.fr\/qui-sommes-nous\/\",\"name\":\"Qui sommes-nous ? - Association Languedocienne de Kyudo\",\"isPartOf\":{\"@id\":\"https:\/\/www.kyudo-montpellier.fr\/#website\"},\"datePublished\":\"2013-06-02T16:29:36+00:00\",\"dateModified\":\"2024-09-02T09:33:41+00:00\",\"breadcrumb\":{\"@id\":\"https:\/\/www.kyudo-montpellier.fr\/qui-sommes-nous\/#breadcrumb\"},\"inLanguage\":\"fr-FR\",\"potentialAction\":[{\"@type\":\"ReadAction\",\"target\":[\"https:\/\/www.kyudo-montpellier.fr\/qui-sommes-nous\/\"]}]},{\"@type\":\"BreadcrumbList\",\"@id\":\"https:\/\/www.kyudo-montpellier.fr\/qui-sommes-nous\/#breadcrumb\",\"itemListElement\":[{\"@type\":\"ListItem\",\"position\":1,\"name\":\"Accueil\",\"item\":\"https:\/\/www.kyudo-montpellier.fr\/\"},{\"@type\":\"ListItem\",\"position\":2,\"name\":\"Qui sommes-nous ?\"}]},{\"@type\":\"WebSite\",\"@id\":\"https:\/\/www.kyudo-montpellier.fr\/#website\",\"url\":\"https:\/\/www.kyudo-montpellier.fr\/\",\"name\":\"Association Languedocienne de Kyudo\",\"description\":\"\",\"potentialAction\":[{\"@type\":\"SearchAction\",\"target\":{\"@type\":\"EntryPoint\",\"urlTemplate\":\"https:\/\/www.kyudo-montpellier.fr\/?s={search_term_string}\"},\"query-input\":{\"@type\":\"PropertyValueSpecification\",\"valueRequired\":true,\"valueName\":\"search_term_string\"}}],\"inLanguage\":\"fr-FR\"}]}<\/script>\n<!-- \/ Yoast SEO plugin. -->","yoast_head_json":{"title":"Qui sommes-nous ? - Association Languedocienne de Kyudo","robots":{"index":"index","follow":"follow","max-snippet":"max-snippet:-1","max-image-preview":"max-image-preview:large","max-video-preview":"max-video-preview:-1"},"canonical":"https:\/\/www.kyudo-montpellier.fr\/fr\/qui-sommes-nous\/","og_locale":"fr_FR","og_type":"article","og_title":"Qui sommes-nous ? - Association Languedocienne de Kyudo","og_description":"Le Kyudo \u00e0 Montpellier L&rsquo;Association Languedocienne de Kyudo (ALK) a \u00e9t\u00e9 cr\u00e9\u00e9e \u00e0 Montpellier en 1986. Dirig\u00e9 par les plus hauts grad\u00e9s de France, \u00e9galement membres du groupe des plus haut grad\u00e9s d&rsquo;Europe, le Dojo de Montpellier propose un enseignement exigeant, accueillant, convivial, d\u00e9sint\u00e9ress\u00e9 et b\u00e9n\u00e9vole \u00e0 tous ceux qui cherchent la voie de l&rsquo;arc [&hellip;]","og_url":"https:\/\/www.kyudo-montpellier.fr\/qui-sommes-nous\/","og_site_name":"Association Languedocienne de Kyudo","article_modified_time":"2024-09-02T09:33:41+00:00","twitter_card":"summary_large_image","twitter_site":"@ALK_kyudo","twitter_misc":{"Dur\u00e9e de lecture estim\u00e9e":"3 minutes"},"schema":{"@context":"https:\/\/schema.org","@graph":[{"@type":"WebPage","@id":"https:\/\/www.kyudo-montpellier.fr\/qui-sommes-nous\/","url":"https:\/\/www.kyudo-montpellier.fr\/qui-sommes-nous\/","name":"Qui sommes-nous ? - Association Languedocienne de Kyudo","isPartOf":{"@id":"https:\/\/www.kyudo-montpellier.fr\/#website"},"datePublished":"2013-06-02T16:29:36+00:00","dateModified":"2024-09-02T09:33:41+00:00","breadcrumb":{"@id":"https:\/\/www.kyudo-montpellier.fr\/qui-sommes-nous\/#breadcrumb"},"inLanguage":"fr-FR","potentialAction":[{"@type":"ReadAction","target":["https:\/\/www.kyudo-montpellier.fr\/qui-sommes-nous\/"]}]},{"@type":"BreadcrumbList","@id":"https:\/\/www.kyudo-montpellier.fr\/qui-sommes-nous\/#breadcrumb","itemListElement":[{"@type":"ListItem","position":1,"name":"Accueil","item":"https:\/\/www.kyudo-montpellier.fr\/"},{"@type":"ListItem","position":2,"name":"Qui sommes-nous ?"}]},{"@type":"WebSite","@id":"https:\/\/www.kyudo-montpellier.fr\/#website","url":"https:\/\/www.kyudo-montpellier.fr\/","name":"Association Languedocienne de Kyudo","description":"","potentialAction":[{"@type":"SearchAction","target":{"@type":"EntryPoint","urlTemplate":"https:\/\/www.kyudo-montpellier.fr\/?s={search_term_string}"},"query-input":{"@type":"PropertyValueSpecification","valueRequired":true,"valueName":"search_term_string"}}],"inLanguage":"fr-FR"}]}},"_links":{"self":[{"href":"https:\/\/www.kyudo-montpellier.fr\/fr\/wp-json\/wp\/v2\/pages\/17","targetHints":{"allow":["GET"]}}],"collection":[{"href":"https:\/\/www.kyudo-montpellier.fr\/fr\/wp-json\/wp\/v2\/pages"}],"about":[{"href":"https:\/\/www.kyudo-montpellier.fr\/fr\/wp-json\/wp\/v2\/types\/page"}],"author":[{"embeddable":true,"href":"https:\/\/www.kyudo-montpellier.fr\/fr\/wp-json\/wp\/v2\/users\/1"}],"replies":[{"embeddable":true,"href":"https:\/\/www.kyudo-montpellier.fr\/fr\/wp-json\/wp\/v2\/comments?post=17"}],"version-history":[{"count":63,"href":"https:\/\/www.kyudo-montpellier.fr\/fr\/wp-json\/wp\/v2\/pages\/17\/revisions"}],"predecessor-version":[{"id":1336,"href":"https:\/\/www.kyudo-montpellier.fr\/fr\/wp-json\/wp\/v2\/pages\/17\/revisions\/1336"}],"wp:attachment":[{"href":"https:\/\/www.kyudo-montpellier.fr\/fr\/wp-json\/wp\/v2\/media?parent=17"}],"curies":[{"name":"wp","href":"https:\/\/api.w.org\/{rel}","templated":true}]}}